{"id":339,"date":"2026-04-08T12:39:14","date_gmt":"2026-04-08T12:39:14","guid":{"rendered":"https:\/\/likeacottage.com\/?page_id=339"},"modified":"2026-04-08T12:45:15","modified_gmt":"2026-04-08T12:45:15","slug":"pravila-privatnosti","status":"publish","type":"page","link":"https:\/\/likeacottage.com\/en\/pravila-privatnosti\/","title":{"rendered":"Pravila Privatnosti"},"content":{"rendered":"<div data-elementor-type=\"wp-page\" data-elementor-id=\"339\" class=\"elementor elementor-339\" data-elementor-post-type=\"page\">\n\t\t\t\t<div class=\"elementor-element elementor-element-312a82f e-flex e-con-boxed wpr-particle-no wpr-jarallax-no wpr-parallax-no wpr-sticky-section-no wpr-equal-height-no e-con e-parent\" data-id=\"312a82f\" data-element_type=\"container\" data-e-type=\"container\">\n\t\t\t\t\t<div class=\"e-con-inner\">\n\t\t\t\t<div class=\"elementor-element elementor-element-0d5a049 elementor-widget elementor-widget-heading\" data-id=\"0d5a049\" data-element_type=\"widget\" data-e-type=\"widget\" data-widget_type=\"heading.default\">\n\t\t\t\t\t<h2 class=\"elementor-heading-title elementor-size-default\">Privacy Policy<\/h2>\t\t\t\t<\/div>\n\t\t\t\t<div class=\"elementor-element elementor-element-1be8118 elementor-widget elementor-widget-text-editor\" data-id=\"1be8118\" data-element_type=\"widget\" data-e-type=\"widget\" data-widget_type=\"text-editor.default\">\n\t\t\t\t\t\t\t\t\t<p>LIKe A cottage po\u0161tuje va\u0161u privatnost i obvezuje se \u0161tititi va\u0161e osobne podatke.<\/p><p>\u00a0<\/p><p><strong>1. Op\u0107e informacije<\/strong><\/p><p>\u00a0<\/p><p>Voditelj obrade podataka je LIKe A cottage. <br \/>Kontakt: info@likeacottage.com<\/p><p>\u00a0<\/p><p><strong>2. Koje podatke prikupljamo<br \/><\/strong> <br \/>Prikupljamo samo podatke koje nam dobrovoljno dostavite putem kontakt forme, e-maila ili WhatsAppa, kao \u0161to su ime, e-mail adresa i telefonski broj.<\/p><p>\u00a0<\/p><p><strong>3. Svrha prikupljanja<br \/><\/strong> <br \/>Podatke koristimo isklju\u010divo za komunikaciju s korisnicima i organizaciju rezervacija.<\/p><p>\u00a0<\/p><p><strong>4. Dijeljenje podataka<br \/><\/strong> <br \/>Va\u0161i podaci ne\u0107e se prodavati niti dijeliti s tre\u0107im stranama.<\/p><p>\u00a0<\/p><p><strong>5. Kola\u010di\u0107i<br \/><\/strong> <br \/>Web stranica mo\u017ee koristiti osnovne kola\u010di\u0107e kako bi osigurala ispravno funkcioniranje stranice.<\/p><p>\u00a0<\/p><p><strong>6. Va\u0161a prava<\/strong><\/p><p><br \/>Imate pravo zatra\u017eiti uvid, izmjenu ili brisanje svojih podataka u bilo kojem trenutku.<\/p><p>\u00a0<\/p><p><strong>7. Kontakt<br \/><\/strong> <br \/>Za sva pitanja vezana uz privatnost mo\u017eete nas kontaktirati na: <br \/><a href=\"mailto:info@likeacottage.com\">info@likeacottage.com<\/a><\/p>\t\t\t\t\t\t\t\t<\/div>\n\t\t\t\t\t<\/div>\n\t\t\t\t<\/div>\n\t\t\t\t<\/div>","protected":false},"excerpt":{"rendered":"<p>Pravila privatnosti LIKe A cottage po\u0161tuje va\u0161u privatnost i obvezuje se \u0161tititi va\u0161e osobne podatke. \u00a0 1. Op\u0107e informacije \u00a0 Voditelj obrade podataka je LIKe A cottage. Kontakt: info@likeacottage.com \u00a0 2. Koje podatke prikupljamo Prikupljamo samo podatke koje nam dobrovoljno dostavite putem kontakt forme, e-maila ili WhatsAppa, kao \u0161to su ime, e-mail adresa i telefonski broj. \u00a0 3. Svrha prikupljanja Podatke koristimo isklju\u010divo za komunikaciju s korisnicima i organizaciju rezervacija. \u00a0 4. Dijeljenje podataka Va\u0161i podaci ne\u0107e se prodavati niti dijeliti s tre\u0107im stranama. \u00a0 5. Kola\u010di\u0107i Web stranica mo\u017ee koristiti osnovne kola\u010di\u0107e kako bi osigurala ispravno funkcioniranje stranice. \u00a0 6. Va\u0161a prava Imate pravo zatra\u017eiti uvid, izmjenu ili brisanje svojih podataka u bilo kojem trenutku. \u00a0 7. Kontakt Za sva pitanja vezana uz privatnost mo\u017eete nas kontaktirati na: info@likeacottage.com<\/p>","protected":false},"author":1,"featured_media":0,"parent":0,"menu_order":0,"comment_status":"closed","ping_status":"closed","template":"","meta":{"footnotes":""},"class_list":["post-339","page","type-page","status-publish","hentry"],"yoast_head":"<!-- This site is optimized with the Yoast SEO plugin v27.4 - https:\/\/yoast.com\/product\/yoast-seo-wordpress\/ -->\n<title>Pravila Privatnosti - LIKe A cottage<\/title>\n<meta name=\"robots\" content=\"index, follow, max-snippet:-1, max-image-preview:large, max-video-preview:-1\" \/>\n<link rel=\"canonical\" href=\"https:\/\/likeacottage.com\/en\/pravila-privatnosti\/\" \/>\n<meta property=\"og:locale\" content=\"en_GB\" \/>\n<meta property=\"og:type\" content=\"article\" \/>\n<meta property=\"og:title\" content=\"Pravila Privatnosti - LIKe A cottage\" \/>\n<meta property=\"og:description\" content=\"Pravila privatnosti LIKe A cottage po\u0161tuje va\u0161u privatnost i obvezuje se \u0161tititi va\u0161e osobne podatke. \u00a0 1. Op\u0107e informacije \u00a0 Voditelj obrade podataka je LIKe A cottage. Kontakt: info@likeacottage.com \u00a0 2. Koje podatke prikupljamo Prikupljamo samo podatke koje nam dobrovoljno dostavite putem kontakt forme, e-maila ili WhatsAppa, kao \u0161to su ime, e-mail adresa i telefonski broj. \u00a0 3. Svrha prikupljanja Podatke koristimo isklju\u010divo za komunikaciju s korisnicima i organizaciju rezervacija. \u00a0 4. Dijeljenje podataka Va\u0161i podaci ne\u0107e se prodavati niti dijeliti s tre\u0107im stranama. \u00a0 5. Kola\u010di\u0107i Web stranica mo\u017ee koristiti osnovne kola\u010di\u0107e kako bi osigurala ispravno funkcioniranje stranice. \u00a0 6. Va\u0161a prava Imate pravo zatra\u017eiti uvid, izmjenu ili brisanje svojih podataka u bilo kojem trenutku. \u00a0 7. Kontakt Za sva pitanja vezana uz privatnost mo\u017eete nas kontaktirati na: info@likeacottage.com\" \/>\n<meta property=\"og:url\" content=\"https:\/\/likeacottage.com\/en\/pravila-privatnosti\/\" \/>\n<meta property=\"og:site_name\" content=\"LIKe A cottage\" \/>\n<meta property=\"article:modified_time\" content=\"2026-04-08T12:45:15+00:00\" \/>\n<meta name=\"twitter:card\" content=\"summary_large_image\" \/>\n<meta name=\"twitter:label1\" content=\"Estimated reading time\" \/>\n\t<meta name=\"twitter:data1\" content=\"1 minute\" \/>\n<script type=\"application\/ld+json\" class=\"yoast-schema-graph\">{\"@context\":\"https:\\\/\\\/schema.org\",\"@graph\":[{\"@type\":\"WebPage\",\"@id\":\"https:\\\/\\\/likeacottage.com\\\/pravila-privatnosti\\\/\",\"url\":\"https:\\\/\\\/likeacottage.com\\\/pravila-privatnosti\\\/\",\"name\":\"Pravila Privatnosti - LIKe A cottage\",\"isPartOf\":{\"@id\":\"https:\\\/\\\/likeacottage.com\\\/#website\"},\"datePublished\":\"2026-04-08T12:39:14+00:00\",\"dateModified\":\"2026-04-08T12:45:15+00:00\",\"breadcrumb\":{\"@id\":\"https:\\\/\\\/likeacottage.com\\\/pravila-privatnosti\\\/#breadcrumb\"},\"inLanguage\":\"en-GB\",\"potentialAction\":[{\"@type\":\"ReadAction\",\"target\":[\"https:\\\/\\\/likeacottage.com\\\/pravila-privatnosti\\\/\"]}]},{\"@type\":\"BreadcrumbList\",\"@id\":\"https:\\\/\\\/likeacottage.com\\\/pravila-privatnosti\\\/#breadcrumb\",\"itemListElement\":[{\"@type\":\"ListItem\",\"position\":1,\"name\":\"Home\",\"item\":\"https:\\\/\\\/likeacottage.com\\\/\"},{\"@type\":\"ListItem\",\"position\":2,\"name\":\"Pravila Privatnosti\"}]},{\"@type\":\"WebSite\",\"@id\":\"https:\\\/\\\/likeacottage.com\\\/#website\",\"url\":\"https:\\\/\\\/likeacottage.com\\\/\",\"name\":\"LIKe A cottage\",\"description\":\"Ku\u0107a za odmor u srcu Like\",\"publisher\":{\"@id\":\"https:\\\/\\\/likeacottage.com\\\/#organization\"},\"potentialAction\":[{\"@type\":\"SearchAction\",\"target\":{\"@type\":\"EntryPoint\",\"urlTemplate\":\"https:\\\/\\\/likeacottage.com\\\/?s={search_term_string}\"},\"query-input\":{\"@type\":\"PropertyValueSpecification\",\"valueRequired\":true,\"valueName\":\"search_term_string\"}}],\"inLanguage\":\"en-GB\"},{\"@type\":\"Organization\",\"@id\":\"https:\\\/\\\/likeacottage.com\\\/#organization\",\"name\":\"LIKe A cottage\",\"url\":\"https:\\\/\\\/likeacottage.com\\\/\",\"logo\":{\"@type\":\"ImageObject\",\"inLanguage\":\"en-GB\",\"@id\":\"https:\\\/\\\/likeacottage.com\\\/#\\\/schema\\\/logo\\\/image\\\/\",\"url\":\"https:\\\/\\\/likeacottage.com\\\/wp-content\\\/uploads\\\/2026\\\/04\\\/2.svg\",\"contentUrl\":\"https:\\\/\\\/likeacottage.com\\\/wp-content\\\/uploads\\\/2026\\\/04\\\/2.svg\",\"width\":450,\"height\":149,\"caption\":\"LIKe A cottage\"},\"image\":{\"@id\":\"https:\\\/\\\/likeacottage.com\\\/#\\\/schema\\\/logo\\\/image\\\/\"}}]}<\/script>\n<!-- \/ Yoast SEO plugin. -->","yoast_head_json":{"title":"Pravila Privatnosti - LIKe A cottage","robots":{"index":"index","follow":"follow","max-snippet":"max-snippet:-1","max-image-preview":"max-image-preview:large","max-video-preview":"max-video-preview:-1"},"canonical":"https:\/\/likeacottage.com\/en\/pravila-privatnosti\/","og_locale":"en_GB","og_type":"article","og_title":"Pravila Privatnosti - LIKe A cottage","og_description":"Pravila privatnosti LIKe A cottage po\u0161tuje va\u0161u privatnost i obvezuje se \u0161tititi va\u0161e osobne podatke. \u00a0 1. Op\u0107e informacije \u00a0 Voditelj obrade podataka je LIKe A cottage. Kontakt: info@likeacottage.com \u00a0 2. Koje podatke prikupljamo Prikupljamo samo podatke koje nam dobrovoljno dostavite putem kontakt forme, e-maila ili WhatsAppa, kao \u0161to su ime, e-mail adresa i telefonski broj. \u00a0 3. Svrha prikupljanja Podatke koristimo isklju\u010divo za komunikaciju s korisnicima i organizaciju rezervacija. \u00a0 4. Dijeljenje podataka Va\u0161i podaci ne\u0107e se prodavati niti dijeliti s tre\u0107im stranama. \u00a0 5. Kola\u010di\u0107i Web stranica mo\u017ee koristiti osnovne kola\u010di\u0107e kako bi osigurala ispravno funkcioniranje stranice. \u00a0 6. Va\u0161a prava Imate pravo zatra\u017eiti uvid, izmjenu ili brisanje svojih podataka u bilo kojem trenutku. \u00a0 7. Kontakt Za sva pitanja vezana uz privatnost mo\u017eete nas kontaktirati na: info@likeacottage.com","og_url":"https:\/\/likeacottage.com\/en\/pravila-privatnosti\/","og_site_name":"LIKe A cottage","article_modified_time":"2026-04-08T12:45:15+00:00","twitter_card":"summary_large_image","twitter_misc":{"Estimated reading time":"1 minute"},"schema":{"@context":"https:\/\/schema.org","@graph":[{"@type":"WebPage","@id":"https:\/\/likeacottage.com\/pravila-privatnosti\/","url":"https:\/\/likeacottage.com\/pravila-privatnosti\/","name":"Pravila Privatnosti - LIKe A cottage","isPartOf":{"@id":"https:\/\/likeacottage.com\/#website"},"datePublished":"2026-04-08T12:39:14+00:00","dateModified":"2026-04-08T12:45:15+00:00","breadcrumb":{"@id":"https:\/\/likeacottage.com\/pravila-privatnosti\/#breadcrumb"},"inLanguage":"en-GB","potentialAction":[{"@type":"ReadAction","target":["https:\/\/likeacottage.com\/pravila-privatnosti\/"]}]},{"@type":"BreadcrumbList","@id":"https:\/\/likeacottage.com\/pravila-privatnosti\/#breadcrumb","itemListElement":[{"@type":"ListItem","position":1,"name":"Home","item":"https:\/\/likeacottage.com\/"},{"@type":"ListItem","position":2,"name":"Pravila Privatnosti"}]},{"@type":"WebSite","@id":"https:\/\/likeacottage.com\/#website","url":"https:\/\/likeacottage.com\/","name":"LIKe A cottage","description":"Ku\u0107a za odmor u srcu Like","publisher":{"@id":"https:\/\/likeacottage.com\/#organization"},"potentialAction":[{"@type":"SearchAction","target":{"@type":"EntryPoint","urlTemplate":"https:\/\/likeacottage.com\/?s={search_term_string}"},"query-input":{"@type":"PropertyValueSpecification","valueRequired":true,"valueName":"search_term_string"}}],"inLanguage":"en-GB"},{"@type":"Organization","@id":"https:\/\/likeacottage.com\/#organization","name":"LIKe A cottage","url":"https:\/\/likeacottage.com\/","logo":{"@type":"ImageObject","inLanguage":"en-GB","@id":"https:\/\/likeacottage.com\/#\/schema\/logo\/image\/","url":"https:\/\/likeacottage.com\/wp-content\/uploads\/2026\/04\/2.svg","contentUrl":"https:\/\/likeacottage.com\/wp-content\/uploads\/2026\/04\/2.svg","width":450,"height":149,"caption":"LIKe A cottage"},"image":{"@id":"https:\/\/likeacottage.com\/#\/schema\/logo\/image\/"}}]}},"_links":{"self":[{"href":"https:\/\/likeacottage.com\/en\/wp-json\/wp\/v2\/pages\/339","targetHints":{"allow":["GET"]}}],"collection":[{"href":"https:\/\/likeacottage.com\/en\/wp-json\/wp\/v2\/pages"}],"about":[{"href":"https:\/\/likeacottage.com\/en\/wp-json\/wp\/v2\/types\/page"}],"author":[{"embeddable":true,"href":"https:\/\/likeacottage.com\/en\/wp-json\/wp\/v2\/users\/1"}],"replies":[{"embeddable":true,"href":"https:\/\/likeacottage.com\/en\/wp-json\/wp\/v2\/comments?post=339"}],"version-history":[{"count":7,"href":"https:\/\/likeacottage.com\/en\/wp-json\/wp\/v2\/pages\/339\/revisions"}],"predecessor-version":[{"id":346,"href":"https:\/\/likeacottage.com\/en\/wp-json\/wp\/v2\/pages\/339\/revisions\/346"}],"wp:attachment":[{"href":"https:\/\/likeacottage.com\/en\/wp-json\/wp\/v2\/media?parent=339"}],"curies":[{"name":"wp","href":"https:\/\/api.w.org\/{rel}","templated":true}]}}